{"id":6,"date":"2022-06-16T10:31:15","date_gmt":"2022-06-16T10:31:15","guid":{"rendered":"https:\/\/vila-guest-houses.ms.decms.eu\/?page_id=6"},"modified":"2022-09-23T14:56:31","modified_gmt":"2022-09-23T14:56:31","slug":"vila-guest-houses","status":"publish","type":"page","link":"https:\/\/www.vilaguesthouses.com\/es\/","title":{"rendered":"Vila Guest Houses"},"content":{"rendered":"<p style=\"text-align: center;\">En una gran ciudad llena de grandes hoteles nuestro objetivo es brindar a nuestros hu\u00e9spedes una experiencia \u00fanica y personalizada.<\/p>\n<p style=\"text-align: center;\">El tiempo es lo m\u00e1s importante y nuestro equipo siempre tiene tiempo para interactuar y compartir sus conocimientos con quienes nos visitan. Aqu\u00ed siempre encontrar\u00e1s a alguien dispuesto a ayudarte y guiarte por Lisboa.<\/p>\n<p style=\"text-align: center;\">En nuestras tres Vilas te sentir\u00e1s bienvenido y como en casa. La verdad es que somos una empresa familiar, y nuestros hu\u00e9spedes siempre tienen el mejor de nosotros.<\/p>\n<p>&nbsp;<\/p>\n","protected":false},"excerpt":{"rendered":"<p>En una gran ciudad llena de grandes hoteles nuestro objetivo es brindar a nuestros hu\u00e9spedes una experiencia \u00fanica y personalizada. El tiempo es lo m\u00e1s importante y nuestro equipo siempre tiene tiempo para interactuar y compartir sus conocimientos con quienes nos visitan. Aqu\u00ed siempre encontrar\u00e1s a alguien dispuesto a ayudarte y guiarte por Lisboa. En [&hellip;]<\/p>\n","protected":false},"author":4,"featured_media":0,"parent":0,"menu_order":0,"comment_status":"closed","ping_status":"closed","template":"","meta":{"footnotes":""},"class_list":["post-6","page","type-page","status-publish","hentry"],"yoast_head":"<!-- This site is optimized with the Yoast SEO plugin v26.9 - https:\/\/yoast.com\/product\/yoast-seo-wordpress\/ -->\n<title>Vila Guest Houses - Vila Guest Houses -<\/title>\n<meta name=\"description\" content=\"En una gran ciudad llena de grandes hoteles nuestro objetivo es brindar a nuestros hu\u00e9spedes una experiencia \u00fanica y personalizada. El tiempo es lo m\u00e1s importante y nuestro equipo siempre tiene tiempo para interactuar y compartir sus conocimientos con quienes nos visitan. Aqu\u00ed siempre encontrar\u00e1s a alguien dispuesto a ayudarte y guiarte por Lisboa. En nuestras tres Vilas te sentir\u00e1s bienvenido y como en casa\" \/>\n<meta name=\"robots\" content=\"index, follow, max-snippet:-1, max-image-preview:large, max-video-preview:-1\" \/>\n<link rel=\"canonical\" href=\"https:\/\/www.vilaguesthouses.com\/es\/\" \/>\n<meta property=\"og:locale\" content=\"es_ES\" \/>\n<meta property=\"og:type\" content=\"article\" \/>\n<meta property=\"og:title\" content=\"Vila Guest Houses - Vila Guest Houses -\" \/>\n<meta property=\"og:description\" content=\"En una gran ciudad llena de grandes hoteles nuestro objetivo es brindar a nuestros hu\u00e9spedes una experiencia \u00fanica y personalizada. El tiempo es lo m\u00e1s importante y nuestro equipo siempre tiene tiempo para interactuar y compartir sus conocimientos con quienes nos visitan. Aqu\u00ed siempre encontrar\u00e1s a alguien dispuesto a ayudarte y guiarte por Lisboa. En nuestras tres Vilas te sentir\u00e1s bienvenido y como en casa\" \/>\n<meta property=\"og:url\" content=\"https:\/\/www.vilaguesthouses.com\/es\/\" \/>\n<meta property=\"og:site_name\" content=\"Vila Guest Houses\" \/>\n<meta property=\"article:modified_time\" content=\"2022-09-23T14:56:31+00:00\" \/>\n<meta name=\"twitter:card\" content=\"summary_large_image\" \/>\n<meta name=\"twitter:label1\" content=\"Tiempo de lectura\" \/>\n\t<meta name=\"twitter:data1\" content=\"1 minuto\" \/>\n<script type=\"application\/ld+json\" class=\"yoast-schema-graph\">{\"@context\":\"https:\/\/schema.org\",\"@graph\":[{\"@type\":\"WebPage\",\"@id\":\"https:\/\/www.vilaguesthouses.com\/es\/\",\"url\":\"https:\/\/www.vilaguesthouses.com\/es\/\",\"name\":\"Vila Guest Houses - Vila Guest Houses -\",\"isPartOf\":{\"@id\":\"https:\/\/www.vilaguesthouses.com\/es\/#website\"},\"datePublished\":\"2022-06-16T10:31:15+00:00\",\"dateModified\":\"2022-09-23T14:56:31+00:00\",\"description\":\"En una gran ciudad llena de grandes hoteles nuestro objetivo es brindar a nuestros hu\u00e9spedes una experiencia \u00fanica y personalizada. El tiempo es lo m\u00e1s importante y nuestro equipo siempre tiene tiempo para interactuar y compartir sus conocimientos con quienes nos visitan. Aqu\u00ed siempre encontrar\u00e1s a alguien dispuesto a ayudarte y guiarte por Lisboa. En nuestras tres Vilas te sentir\u00e1s bienvenido y como en casa\",\"breadcrumb\":{\"@id\":\"https:\/\/www.vilaguesthouses.com\/es\/#breadcrumb\"},\"inLanguage\":\"es\",\"potentialAction\":[{\"@type\":\"ReadAction\",\"target\":[\"https:\/\/www.vilaguesthouses.com\/es\/\"]}]},{\"@type\":\"BreadcrumbList\",\"@id\":\"https:\/\/www.vilaguesthouses.com\/es\/#breadcrumb\",\"itemListElement\":[{\"@type\":\"ListItem\",\"position\":1,\"name\":\"Home\",\"item\":\"https:\/\/www.vilaguesthouses.com\/es\/\"},{\"@type\":\"ListItem\",\"position\":2,\"name\":\"Vila Guest Houses\"}]},{\"@type\":\"WebSite\",\"@id\":\"https:\/\/www.vilaguesthouses.com\/es\/#website\",\"url\":\"https:\/\/www.vilaguesthouses.com\/es\/\",\"name\":\"Vila Guest Houses\",\"description\":\"Just another ms.decms.eu site\",\"potentialAction\":[{\"@type\":\"SearchAction\",\"target\":{\"@type\":\"EntryPoint\",\"urlTemplate\":\"https:\/\/www.vilaguesthouses.com\/es\/?s={search_term_string}\"},\"query-input\":{\"@type\":\"PropertyValueSpecification\",\"valueRequired\":true,\"valueName\":\"search_term_string\"}}],\"inLanguage\":\"es\"}]}<\/script>\n<!-- \/ Yoast SEO plugin. -->","yoast_head_json":{"title":"Vila Guest Houses - Vila Guest Houses -","description":"En una gran ciudad llena de grandes hoteles nuestro objetivo es brindar a nuestros hu\u00e9spedes una experiencia \u00fanica y personalizada. El tiempo es lo m\u00e1s importante y nuestro equipo siempre tiene tiempo para interactuar y compartir sus conocimientos con quienes nos visitan. Aqu\u00ed siempre encontrar\u00e1s a alguien dispuesto a ayudarte y guiarte por Lisboa. En nuestras tres Vilas te sentir\u00e1s bienvenido y como en casa","robots":{"index":"index","follow":"follow","max-snippet":"max-snippet:-1","max-image-preview":"max-image-preview:large","max-video-preview":"max-video-preview:-1"},"canonical":"https:\/\/www.vilaguesthouses.com\/es\/","og_locale":"es_ES","og_type":"article","og_title":"Vila Guest Houses - Vila Guest Houses -","og_description":"En una gran ciudad llena de grandes hoteles nuestro objetivo es brindar a nuestros hu\u00e9spedes una experiencia \u00fanica y personalizada. El tiempo es lo m\u00e1s importante y nuestro equipo siempre tiene tiempo para interactuar y compartir sus conocimientos con quienes nos visitan. Aqu\u00ed siempre encontrar\u00e1s a alguien dispuesto a ayudarte y guiarte por Lisboa. En nuestras tres Vilas te sentir\u00e1s bienvenido y como en casa","og_url":"https:\/\/www.vilaguesthouses.com\/es\/","og_site_name":"Vila Guest Houses","article_modified_time":"2022-09-23T14:56:31+00:00","twitter_card":"summary_large_image","twitter_misc":{"Tiempo de lectura":"1 minuto"},"schema":{"@context":"https:\/\/schema.org","@graph":[{"@type":"WebPage","@id":"https:\/\/www.vilaguesthouses.com\/es\/","url":"https:\/\/www.vilaguesthouses.com\/es\/","name":"Vila Guest Houses - Vila Guest Houses -","isPartOf":{"@id":"https:\/\/www.vilaguesthouses.com\/es\/#website"},"datePublished":"2022-06-16T10:31:15+00:00","dateModified":"2022-09-23T14:56:31+00:00","description":"En una gran ciudad llena de grandes hoteles nuestro objetivo es brindar a nuestros hu\u00e9spedes una experiencia \u00fanica y personalizada. El tiempo es lo m\u00e1s importante y nuestro equipo siempre tiene tiempo para interactuar y compartir sus conocimientos con quienes nos visitan. Aqu\u00ed siempre encontrar\u00e1s a alguien dispuesto a ayudarte y guiarte por Lisboa. En nuestras tres Vilas te sentir\u00e1s bienvenido y como en casa","breadcrumb":{"@id":"https:\/\/www.vilaguesthouses.com\/es\/#breadcrumb"},"inLanguage":"es","potentialAction":[{"@type":"ReadAction","target":["https:\/\/www.vilaguesthouses.com\/es\/"]}]},{"@type":"BreadcrumbList","@id":"https:\/\/www.vilaguesthouses.com\/es\/#breadcrumb","itemListElement":[{"@type":"ListItem","position":1,"name":"Home","item":"https:\/\/www.vilaguesthouses.com\/es\/"},{"@type":"ListItem","position":2,"name":"Vila Guest Houses"}]},{"@type":"WebSite","@id":"https:\/\/www.vilaguesthouses.com\/es\/#website","url":"https:\/\/www.vilaguesthouses.com\/es\/","name":"Vila Guest Houses","description":"Just another ms.decms.eu site","potentialAction":[{"@type":"SearchAction","target":{"@type":"EntryPoint","urlTemplate":"https:\/\/www.vilaguesthouses.com\/es\/?s={search_term_string}"},"query-input":{"@type":"PropertyValueSpecification","valueRequired":true,"valueName":"search_term_string"}}],"inLanguage":"es"}]}},"acf":[],"_links":{"self":[{"href":"https:\/\/www.vilaguesthouses.com\/es\/wp-json\/wp\/v2\/pages\/6","targetHints":{"allow":["GET"]}}],"collection":[{"href":"https:\/\/www.vilaguesthouses.com\/es\/wp-json\/wp\/v2\/pages"}],"about":[{"href":"https:\/\/www.vilaguesthouses.com\/es\/wp-json\/wp\/v2\/types\/page"}],"author":[{"embeddable":true,"href":"https:\/\/www.vilaguesthouses.com\/es\/wp-json\/wp\/v2\/users\/4"}],"replies":[{"embeddable":true,"href":"https:\/\/www.vilaguesthouses.com\/es\/wp-json\/wp\/v2\/comments?post=6"}],"version-history":[{"count":0,"href":"https:\/\/www.vilaguesthouses.com\/es\/wp-json\/wp\/v2\/pages\/6\/revisions"}],"wp:attachment":[{"href":"https:\/\/www.vilaguesthouses.com\/es\/wp-json\/wp\/v2\/media?parent=6"}],"curies":[{"name":"wp","href":"https:\/\/api.w.org\/{rel}","templated":true}]}}