{"id":3,"date":"2022-06-16T10:30:24","date_gmt":"2022-06-16T10:30:24","guid":{"rendered":"https:\/\/vila-guest-houses.ms.decms.eu\/?page_id=3"},"modified":"2022-09-23T15:18:40","modified_gmt":"2022-09-23T15:18:40","slug":"vila-guest-houses","status":"publish","type":"page","link":"https:\/\/www.vilaguesthouses.com\/fr\/","title":{"rendered":"Vila Guest Houses"},"content":{"rendered":"<p style=\"text-align: center;\">Dans une grande ville pleine de grands h\u00f4tels, notre objectif est d&rsquo;offrir \u00e0 nos clients une exp\u00e9rience unique et personnalis\u00e9e.<\/p>\n<p style=\"text-align: center;\">Le temps est primordial et notre \u00e9quipe est toujours pr\u00eate \u00e0 interagir et \u00e0 partager ses connaissances avec ceux qui nous visitent. Ici, vous trouverez toujours quelqu&rsquo;un pr\u00eat \u00e0 vous aider et \u00e0 vous guider \u00e0 travers Lisbonne.<\/p>\n<p style=\"text-align: center;\">Dans nos trois Villas, vous vous sentirez les bienvenus et chez vous.<br \/>\nLa v\u00e9rit\u00e9 est que nous sommes une entreprise familiale et nos clients obtiennent toujours le meilleur de nous.<\/p>\n<p>&nbsp;<\/p>\n","protected":false},"excerpt":{"rendered":"<p>Dans une grande ville pleine de grands h\u00f4tels, notre objectif est d&rsquo;offrir \u00e0 nos clients une exp\u00e9rience unique et personnalis\u00e9e. Le temps est primordial et notre \u00e9quipe est toujours pr\u00eate \u00e0 interagir et \u00e0 partager ses connaissances avec ceux qui nous visitent. Ici, vous trouverez toujours quelqu&rsquo;un pr\u00eat \u00e0 vous aider et \u00e0 vous guider [&hellip;]<\/p>\n","protected":false},"author":4,"featured_media":0,"parent":0,"menu_order":0,"comment_status":"closed","ping_status":"closed","template":"","meta":{"footnotes":""},"class_list":["post-3","page","type-page","status-publish","hentry"],"yoast_head":"<!-- This site is optimized with the Yoast SEO plugin v26.9 - https:\/\/yoast.com\/product\/yoast-seo-wordpress\/ -->\n<title>Vila Guest Houses - Vila Guest Houses -<\/title>\n<meta name=\"description\" content=\"Dans une grande ville pleine de grands h\u00f4tels, notre objectif est d&#039;offrir \u00e0 nos clients une exp\u00e9rience unique et personnalis\u00e9e. Le temps est primordial et notre \u00e9quipe est toujours pr\u00eate \u00e0 interagir et \u00e0 partager ses connaissances avec ceux qui nous visitent. Ici, vous trouverez toujours quelqu&#039;un pr\u00eat \u00e0 vous aider et \u00e0 vous guider \u00e0 travers Lisbonne. Dans nos trois Villas, vous vous sentirez les bienvenus et chez vous. La v\u00e9rit\u00e9 est que nous sommes une entreprise familiale et nos clients obtiennent toujours le meilleur de nous. &nbsp;\" \/>\n<meta name=\"robots\" content=\"index, follow, max-snippet:-1, max-image-preview:large, max-video-preview:-1\" \/>\n<link rel=\"canonical\" href=\"https:\/\/www.vilaguesthouses.com\/fr\/\" \/>\n<meta property=\"og:locale\" content=\"fr_FR\" \/>\n<meta property=\"og:type\" content=\"article\" \/>\n<meta property=\"og:title\" content=\"Vila Guest Houses - Vila Guest Houses -\" \/>\n<meta property=\"og:description\" content=\"Dans une grande ville pleine de grands h\u00f4tels, notre objectif est d&#039;offrir \u00e0 nos clients une exp\u00e9rience unique et personnalis\u00e9e. Le temps est primordial et notre \u00e9quipe est toujours pr\u00eate \u00e0 interagir et \u00e0 partager ses connaissances avec ceux qui nous visitent. Ici, vous trouverez toujours quelqu&#039;un pr\u00eat \u00e0 vous aider et \u00e0 vous guider \u00e0 travers Lisbonne. Dans nos trois Villas, vous vous sentirez les bienvenus et chez vous. La v\u00e9rit\u00e9 est que nous sommes une entreprise familiale et nos clients obtiennent toujours le meilleur de nous. &nbsp;\" \/>\n<meta property=\"og:url\" content=\"https:\/\/www.vilaguesthouses.com\/fr\/\" \/>\n<meta property=\"og:site_name\" content=\"Vila Guest Houses\" \/>\n<meta property=\"article:modified_time\" content=\"2022-09-23T15:18:40+00:00\" \/>\n<meta name=\"twitter:card\" content=\"summary_large_image\" \/>\n<meta name=\"twitter:label1\" content=\"Dur\u00e9e de lecture estim\u00e9e\" \/>\n\t<meta name=\"twitter:data1\" content=\"1 minute\" \/>\n<script type=\"application\/ld+json\" class=\"yoast-schema-graph\">{\"@context\":\"https:\/\/schema.org\",\"@graph\":[{\"@type\":\"WebPage\",\"@id\":\"https:\/\/www.vilaguesthouses.com\/fr\/\",\"url\":\"https:\/\/www.vilaguesthouses.com\/fr\/\",\"name\":\"Vila Guest Houses - Vila Guest Houses -\",\"isPartOf\":{\"@id\":\"https:\/\/www.vilaguesthouses.com\/fr\/#website\"},\"datePublished\":\"2022-06-16T10:30:24+00:00\",\"dateModified\":\"2022-09-23T15:18:40+00:00\",\"description\":\"Dans une grande ville pleine de grands h\u00f4tels, notre objectif est d'offrir \u00e0 nos clients une exp\u00e9rience unique et personnalis\u00e9e. Le temps est primordial et notre \u00e9quipe est toujours pr\u00eate \u00e0 interagir et \u00e0 partager ses connaissances avec ceux qui nous visitent. Ici, vous trouverez toujours quelqu'un pr\u00eat \u00e0 vous aider et \u00e0 vous guider \u00e0 travers Lisbonne. Dans nos trois Villas, vous vous sentirez les bienvenus et chez vous. La v\u00e9rit\u00e9 est que nous sommes une entreprise familiale et nos clients obtiennent toujours le meilleur de nous. &nbsp;\",\"breadcrumb\":{\"@id\":\"https:\/\/www.vilaguesthouses.com\/fr\/#breadcrumb\"},\"inLanguage\":\"fr-FR\",\"potentialAction\":[{\"@type\":\"ReadAction\",\"target\":[\"https:\/\/www.vilaguesthouses.com\/fr\/\"]}]},{\"@type\":\"BreadcrumbList\",\"@id\":\"https:\/\/www.vilaguesthouses.com\/fr\/#breadcrumb\",\"itemListElement\":[{\"@type\":\"ListItem\",\"position\":1,\"name\":\"Home\",\"item\":\"https:\/\/www.vilaguesthouses.com\/fr\/\"},{\"@type\":\"ListItem\",\"position\":2,\"name\":\"Vila Guest Houses\"}]},{\"@type\":\"WebSite\",\"@id\":\"https:\/\/www.vilaguesthouses.com\/fr\/#website\",\"url\":\"https:\/\/www.vilaguesthouses.com\/fr\/\",\"name\":\"Vila Guest Houses\",\"description\":\"Just another ms.decms.eu site\",\"potentialAction\":[{\"@type\":\"SearchAction\",\"target\":{\"@type\":\"EntryPoint\",\"urlTemplate\":\"https:\/\/www.vilaguesthouses.com\/fr\/?s={search_term_string}\"},\"query-input\":{\"@type\":\"PropertyValueSpecification\",\"valueRequired\":true,\"valueName\":\"search_term_string\"}}],\"inLanguage\":\"fr-FR\"}]}<\/script>\n<!-- \/ Yoast SEO plugin. -->","yoast_head_json":{"title":"Vila Guest Houses - Vila Guest Houses -","description":"Dans une grande ville pleine de grands h\u00f4tels, notre objectif est d'offrir \u00e0 nos clients une exp\u00e9rience unique et personnalis\u00e9e. Le temps est primordial et notre \u00e9quipe est toujours pr\u00eate \u00e0 interagir et \u00e0 partager ses connaissances avec ceux qui nous visitent. Ici, vous trouverez toujours quelqu'un pr\u00eat \u00e0 vous aider et \u00e0 vous guider \u00e0 travers Lisbonne. Dans nos trois Villas, vous vous sentirez les bienvenus et chez vous. La v\u00e9rit\u00e9 est que nous sommes une entreprise familiale et nos clients obtiennent toujours le meilleur de nous. &nbsp;","robots":{"index":"index","follow":"follow","max-snippet":"max-snippet:-1","max-image-preview":"max-image-preview:large","max-video-preview":"max-video-preview:-1"},"canonical":"https:\/\/www.vilaguesthouses.com\/fr\/","og_locale":"fr_FR","og_type":"article","og_title":"Vila Guest Houses - Vila Guest Houses -","og_description":"Dans une grande ville pleine de grands h\u00f4tels, notre objectif est d'offrir \u00e0 nos clients une exp\u00e9rience unique et personnalis\u00e9e. Le temps est primordial et notre \u00e9quipe est toujours pr\u00eate \u00e0 interagir et \u00e0 partager ses connaissances avec ceux qui nous visitent. Ici, vous trouverez toujours quelqu'un pr\u00eat \u00e0 vous aider et \u00e0 vous guider \u00e0 travers Lisbonne. Dans nos trois Villas, vous vous sentirez les bienvenus et chez vous. La v\u00e9rit\u00e9 est que nous sommes une entreprise familiale et nos clients obtiennent toujours le meilleur de nous. &nbsp;","og_url":"https:\/\/www.vilaguesthouses.com\/fr\/","og_site_name":"Vila Guest Houses","article_modified_time":"2022-09-23T15:18:40+00:00","twitter_card":"summary_large_image","twitter_misc":{"Dur\u00e9e de lecture estim\u00e9e":"1 minute"},"schema":{"@context":"https:\/\/schema.org","@graph":[{"@type":"WebPage","@id":"https:\/\/www.vilaguesthouses.com\/fr\/","url":"https:\/\/www.vilaguesthouses.com\/fr\/","name":"Vila Guest Houses - Vila Guest Houses -","isPartOf":{"@id":"https:\/\/www.vilaguesthouses.com\/fr\/#website"},"datePublished":"2022-06-16T10:30:24+00:00","dateModified":"2022-09-23T15:18:40+00:00","description":"Dans une grande ville pleine de grands h\u00f4tels, notre objectif est d'offrir \u00e0 nos clients une exp\u00e9rience unique et personnalis\u00e9e. Le temps est primordial et notre \u00e9quipe est toujours pr\u00eate \u00e0 interagir et \u00e0 partager ses connaissances avec ceux qui nous visitent. Ici, vous trouverez toujours quelqu'un pr\u00eat \u00e0 vous aider et \u00e0 vous guider \u00e0 travers Lisbonne. Dans nos trois Villas, vous vous sentirez les bienvenus et chez vous. La v\u00e9rit\u00e9 est que nous sommes une entreprise familiale et nos clients obtiennent toujours le meilleur de nous. &nbsp;","breadcrumb":{"@id":"https:\/\/www.vilaguesthouses.com\/fr\/#breadcrumb"},"inLanguage":"fr-FR","potentialAction":[{"@type":"ReadAction","target":["https:\/\/www.vilaguesthouses.com\/fr\/"]}]},{"@type":"BreadcrumbList","@id":"https:\/\/www.vilaguesthouses.com\/fr\/#breadcrumb","itemListElement":[{"@type":"ListItem","position":1,"name":"Home","item":"https:\/\/www.vilaguesthouses.com\/fr\/"},{"@type":"ListItem","position":2,"name":"Vila Guest Houses"}]},{"@type":"WebSite","@id":"https:\/\/www.vilaguesthouses.com\/fr\/#website","url":"https:\/\/www.vilaguesthouses.com\/fr\/","name":"Vila Guest Houses","description":"Just another ms.decms.eu site","potentialAction":[{"@type":"SearchAction","target":{"@type":"EntryPoint","urlTemplate":"https:\/\/www.vilaguesthouses.com\/fr\/?s={search_term_string}"},"query-input":{"@type":"PropertyValueSpecification","valueRequired":true,"valueName":"search_term_string"}}],"inLanguage":"fr-FR"}]}},"acf":[],"_links":{"self":[{"href":"https:\/\/www.vilaguesthouses.com\/fr\/wp-json\/wp\/v2\/pages\/3","targetHints":{"allow":["GET"]}}],"collection":[{"href":"https:\/\/www.vilaguesthouses.com\/fr\/wp-json\/wp\/v2\/pages"}],"about":[{"href":"https:\/\/www.vilaguesthouses.com\/fr\/wp-json\/wp\/v2\/types\/page"}],"author":[{"embeddable":true,"href":"https:\/\/www.vilaguesthouses.com\/fr\/wp-json\/wp\/v2\/users\/4"}],"replies":[{"embeddable":true,"href":"https:\/\/www.vilaguesthouses.com\/fr\/wp-json\/wp\/v2\/comments?post=3"}],"version-history":[{"count":0,"href":"https:\/\/www.vilaguesthouses.com\/fr\/wp-json\/wp\/v2\/pages\/3\/revisions"}],"wp:attachment":[{"href":"https:\/\/www.vilaguesthouses.com\/fr\/wp-json\/wp\/v2\/media?parent=3"}],"curies":[{"name":"wp","href":"https:\/\/api.w.org\/{rel}","templated":true}]}}