{"id":438,"date":"2022-10-19T08:29:47","date_gmt":"2022-10-19T08:29:47","guid":{"rendered":"https:\/\/www.vilaguesthouses.com\/?page_id=438"},"modified":"2022-10-19T08:42:19","modified_gmt":"2022-10-19T08:42:19","slug":"politica-de-privacidade","status":"publish","type":"page","link":"https:\/\/www.vilaguesthouses.com\/pt-pt\/politica-de-privacidade\/","title":{"rendered":"Politica de Privacidade"},"content":{"rendered":"<h4 style=\"text-align: center;\">Vila Guest Houses \u2013 1 de maio de 2018<\/h4>\n<p>Este aviso de privacidade informa-o sobre as informa\u00e7\u00f5es que recolhemos quando utiliza o nosso site. Ao recolher essa informa\u00e7\u00e3o, estamos atuando como um respons\u00e1vel pelo tratamento de dados e, por lei, somos obrigados a fornecer-lhe informa\u00e7\u00f5es sobre n\u00f3s, sobre o porqu\u00ea e como utilizamos os seus dados, e sobre os direitos que tem sobre seus dados.<\/p>\n<h4 style=\"text-align: left;\">Quem somos?<\/h4>\n<p>Somos a empresa Nat\u00e1lia e Silva, Lda. O nosso endere\u00e7o \u00e9 a Avenida Almirante Reis, n\u00ba 98 1150-022 Lisboa. Pode contatar-nos pelo endere\u00e7o acima, por email em vilagarden@vilaguesthouses.com ou por telefone + 351 21 813 80 60.<\/p>\n<p>N\u00e3o somos obrigados a ter um Encarregado de prote\u00e7\u00e3o de dados, por isso qualquer quest\u00e3o sobre o nosso uso de seus dados pessoais devem ser endere\u00e7ados para os contatos acima.<\/p>\n<h4 style=\"text-align: left;\">Como utilizamos os seus dados pessoais<\/h4>\n<ol>\n<li>Quando utiliza o nosso Web site<\/li>\n<li>Quando envia um formul\u00e1rio atrav\u00e9s do nosso site<\/li>\n<li>Quando se inscrever para receber a nossa newsletter<\/li>\n<li>Quando fizer o download dum documento de exemplo<\/li>\n<li>Quando enviar um coment\u00e1rio sobre n\u00f3s<\/li>\n<li>Os seus direitos como Titular de dados<\/li>\n<li>Direito de reclama\u00e7\u00e3o<\/li>\n<li>Actualiza\u00e7\u00f5es a esta pol\u00edtica de privacidade<\/li>\n<\/ol>\n<h4 style=\"text-align: left;\">1. Quando utiliza o nosso Web site<\/h4>\n<p>Quando utiliza o nosso Web site para procurar os produtos e servi\u00e7os e ver as informa\u00e7\u00f5es que disponibilizamos, uma s\u00e9rie de os cookies s\u00e3o usados por n\u00f3s e por terceiros para permitir que o site funcione, para recolher informa\u00e7\u00f5es \u00fateis sobre os visitantes e para ajudar a tornar sua experi\u00eancia de utilizador.<\/p>\n<p>Alguns dos cookies que usamos s\u00e3o estritamente necess\u00e1rios para o nosso site funcionar, para os cookies que s\u00e3o \u00fateis, mas n\u00e3o estritamente necess\u00e1rio, vamos sempre pedir o seu consentimento antes de coloc\u00e1-los. Estes s\u00e3o:<\/p>\n<table>\n<tbody>\n<tr>\n<td width=\"205\">Nome do cookie<\/td>\n<td width=\"205\">Prop\u00f3sito<\/td>\n<td width=\"205\">Mais informa\u00e7\u00f5es<\/td>\n<\/tr>\n<tr>\n<td width=\"205\">Vila Guest Houses<\/td>\n<td width=\"205\">Consentimento RGPD<\/td>\n<td width=\"205\"><\/td>\n<\/tr>\n<tr>\n<td width=\"205\">Facebook<\/td>\n<td width=\"205\">Liga\u00e7\u00e3o a campanhas de marketing do Facebook<\/td>\n<td width=\"205\"><\/td>\n<\/tr>\n<tr>\n<td width=\"205\">Feed mikle<\/td>\n<td width=\"205\">Widgets no site Vila Guest Houses (para Facebook, Google Calendar e Twitter)<\/td>\n<td width=\"205\"><\/td>\n<\/tr>\n<\/tbody>\n<\/table>\n<p>Para mais informa\u00e7\u00f5es sobre o nosso uso de cookies, consulte o nosso <u>pol\u00edtica de cookies<\/u>.<\/p>\n<h4><\/h4>\n<h4 style=\"text-align: left;\">2. Quando envia um formul\u00e1rio atrav\u00e9s do nosso site<\/h4>\n<p>Quando envia um formul\u00e1rio atrav\u00e9s do nosso website, pedimos-lhe o seu nome, n\u00famero de telefone, fun\u00e7\u00e3o e endere\u00e7o de e-mail.<\/p>\n<p><strong>\u00a0<\/strong>Utilizamos esta informa\u00e7\u00e3o para responder \u00e0 sua consulta, fornecendo-lhe qualquer informa\u00e7\u00e3o solicitada sobre os nossos produtos e servi\u00e7os. Tamb\u00e9m podemos enviar-lhe mensagens por correio electr\u00f3nico ap\u00f3s o seu envio de formul\u00e1rios para avaliar o seu interesse e assegurarmo-nos de que respondemos \u00e0 sua quest\u00e3o. Faremos isto baseado no nosso interesse leg\u00edtimo em fornecer a informa\u00e7\u00e3o exata antes duma venda.<\/p>\n<p>O seu formul\u00e1rio \u00e9 armazenado e processado como um e-mail nos nossos computadores no \u00e2mbito do espa\u00e7o econ\u00f3mico europeu (EEE).<\/p>\n<p><strong>\u00a0<\/strong>N\u00e3o usamos as informa\u00e7\u00f5es que fornece para fazer quaisquer decis\u00f5es automatizadas que possam afet\u00e1-lo.<\/p>\n<p>Iremos manter o email do formul\u00e1rio por dois anos, ap\u00f3s esse periodo s\u00e3o arquivados e mantidos por sete anos, ap\u00f3s esse periodo apagamo-los.<\/p>\n<h4 style=\"text-align: left;\">3. Quando voc\u00ea se inscrever para receber a nossa newsletter<\/h4>\n<p style=\"text-align: left;\">Quando voc\u00ea se inscrever para receber a nossa newsletter, pedimos o seu endere\u00e7o de e-mail.<\/p>\n<p>Pediremos o seu consentimento para usar o endere\u00e7o de e-mail para lhe enviarmos nossa newsletter que cont\u00e9m informa\u00e7\u00f5es sobre os nossos produtos e outras informa\u00e7\u00f5es que podem ser do seu interesse.<\/p>\n<p><strong>\u00a0<\/strong>Pode retirar o seu consentimento a qualquer momento e iremos deixar de enviar-lhe a newsletter.<\/p>\n<p><strong>\u00a0<\/strong>O seu endere\u00e7o de e-mail \u00e9 partilhado com um sistema de envio autom\u00e1tico de emails baseado nos Estados Unidos. Esta empresa contratualmente comprometeu-se a fornecer a seguran\u00e7a apropriada para o tratamento dos seus dados pessoais o que significa que ser\u00e1 protegido em conson\u00e2ncia com os requisitos legais da Uni\u00e3o Europeia.<\/p>\n<p>N\u00e3o usamos as informa\u00e7\u00f5es que fornece para fazer quaisquer decis\u00f5es automatizadas que possam afet\u00e1-lo.<\/p>\n<p>Mantemos o seu dados pessoais enquanto produzirmos e distribu\u00edrmos a nossa newsletter. Se retirar o seu consentimento, vamos marcar os seus dados para que eles n\u00e3o sejam utilizados e apag\u00e1-los ap\u00f3s dois anos.<\/p>\n<h4 style=\"text-align: left;\">4. Quando voc\u00ea fizer o download dum documento de exemplo<\/h4>\n<p><strong><em>\u00a0<\/em><\/strong>Quando voc\u00ea solicitar o download no nosso website, como um livro branco, Pedimos o seu nome, nome da empresa (que \u00e9 opcional) e seu endere\u00e7o de e-mail.<\/p>\n<p>Utilizamos esta informa\u00e7\u00e3o para enviar-lhe um link para fazer o download do documento solicitado. Tamb\u00e9m poderemos enviar um e-mail ap\u00f3s o seu download para acompanhar o seu interesse nos nossos produtos e servi\u00e7os. Faremos isso com base no nosso interesse leg\u00edtimo de marketing para poss\u00edveis clientes dos nossos produtos e servi\u00e7os.<\/p>\n<p>Seu nome e endere\u00e7o de e-mail s\u00e3o partilhados com um sistema de pagamentos que \u00e9 baseado no Luxemburgo. Esta empresa compromete-se contratualmente a fornecer a seguran\u00e7a adequada ao tratamento dos seus dados pessoais, o que significa que ser\u00e1 protegida em conformidade com os requisitos legais da Uni\u00e3o Europeia.<\/p>\n<p>N\u00e3o usamos as informa\u00e7\u00f5es que fornece para fazer quaisquer decis\u00f5es automatizadas que possam afet\u00e1-lo.<\/p>\n<p>Os seus dados pessoais s\u00e3o armazenados por um ano ap\u00f3s ter solicitado o download, ap\u00f3s o qual s\u00e3o apagados.<\/p>\n<h4 style=\"text-align: left;\">5. Quando enviar um coment\u00e1rio sobre n\u00f3s<\/h4>\n<p><strong><em>\u00a0<\/em><\/strong>Quando envia um coment\u00e1rio sobre n\u00f3s gravamos seu nome, seu endere\u00e7o de e-mail e seu IP (Internet Protocol) endere\u00e7o, que \u00e9 o endere\u00e7o do seu computador na Internet.<\/p>\n<p>Usamos esta informa\u00e7\u00e3o para que se forne\u00e7am opini\u00f5es independentes verificadas sobre nossos produtos e servi\u00e7os aos clientes potenciais. O seu nome e o conte\u00fado do seu coment\u00e1rio e o seu endere\u00e7o de e-mail podem ser exibidos publicamente no nosso site. Faremos isso com base no nosso leg\u00edtimo interesse em comercializar os nossos produtos e servi\u00e7os.<\/p>\n<p>N\u00e3o usamos as informa\u00e7\u00f5es que fornece para fazer quaisquer decis\u00f5es automatizadas que possam afet\u00e1-lo.<\/p>\n<p>Os seus dados pessoais s\u00e3o armazenados desde que estejamos a comercializar o produto ou servi\u00e7os a que o coment\u00e1rio se refere, ap\u00f3s o qual ser\u00e1 apagado. Voc\u00ea pode pedir-nos para remover o seu coment\u00e1rio a qualquer momento.<\/p>\n<h4 style=\"text-align: left;\">6. Os seus direitos como Titular de dados<\/h4>\n<p>Por lei, pode solicitar-nos que informa\u00e7\u00e3o recolhemos sobre si, e pode solicitar-nos para corrigi-los se forem imprecisos. N\u00f3s pedimos o seu consentimento para tratamento dos seus dados pessoais, voc\u00ea poder\u00e1 retirar esse consentimento a qualquer momento.<\/p>\n<p>Poderemos fazer o tratamento dos seus dados pessoais porque nos deu o consentimento ou para cumprir um contrato, poder\u00e1 solicitar-nos uma c\u00f3pia da informa\u00e7\u00e3o em formato digital para que possa transferi-lo para outro fornecedor.<\/p>\n<p>Poderemos fazer o tratamento dos seus dados pessoais porque nos deu o consentimento ou interesse leg\u00edtimo, poder\u00e1 solicitar que os seus dados sejam apagados.<\/p>\n<p>Tem o direito de nos solicitar que suspendamos o tratamento dos seus dados pessoais por um per\u00edodo de tempo se acreditar que n\u00e3o estamos a faz\u00ea-lo de forma licita.<\/p>\n<p>Finalmente, em algumas circunst\u00e2ncias, pode solicitar-nos para n\u00e3o fazermos processamento automatizado ou cria\u00e7\u00e3o de perfil.<\/p>\n<p>Para submeter um pedido sobre os seus dados pessoais poder\u00e1 faz\u00ea-lo por e-mail, correio ou telefone, veja as informa\u00e7\u00f5es de contacto fornecidas acima na parte Quem somos<\/p>\n<h4 style=\"text-align: left;\">7. Direito de reclama\u00e7\u00e3o<\/h4>\n<p>Se tem uma reclama\u00e7\u00e3o sobre o nosso tratamento dos seus dados pessoais, preferimos que entre em contato connosco diretamente em primeiro lugar para que possamos resolver a sua queixa. No entanto, \u00e9 tamb\u00e9m possivel contactar a Comiss\u00e3o Nacional de Protec\u00e7\u00e3o de Dados atrav\u00e9s do seu site em <a href=\"https:\/\/www.cnpd.pt\/\" target=\"_blank\" rel=\"noopener\">https:\/\/www.cnpd.pt\/ <\/a>ou para a morda:<\/p>\n<p>Comiss\u00e3o Nacional de Protec\u00e7\u00e3o de Dados<br \/>\nRua de S\u00e3o Bento n.\u00ba 148-3\u00ba<br \/>\n1200-821 Lisboa<\/p>\n<h4 style=\"text-align: left;\">8. Actualiza\u00e7\u00f5es a esta pol\u00edtica de privacidade<\/h4>\n<p>Iremos rever regularmente esta politica e, se for caso disso, atualizar esta pol\u00edtica de privacidade, uma vez que os nossos servi\u00e7os e tratamento de dados pessoais evoluem. Se pretendermos utilizar os seus dados pessoais duma forma que n\u00e3o tenhamos previamente identificado, entraremos em contato consigo para fornecer informa\u00e7\u00f5es sobre essa utiliza\u00e7\u00e3o e, se necess\u00e1rio, pedir o seu consentimento.<\/p>\n<p>Atualizaremos o n\u00famero de vers\u00e3o e a data deste documento sempre que for alterado.<\/p>\n<p>&nbsp;<\/p>\n<p>&nbsp;<\/p>\n<p>&nbsp;<\/p>\n","protected":false},"excerpt":{"rendered":"<p>Vila Guest Houses \u2013 1 de maio de 2018 Este aviso de privacidade informa-o sobre as informa\u00e7\u00f5es que recolhemos quando utiliza o nosso site. Ao recolher essa informa\u00e7\u00e3o, estamos atuando como um respons\u00e1vel pelo tratamento de dados e, por lei, somos obrigados a fornecer-lhe informa\u00e7\u00f5es sobre n\u00f3s, sobre o porqu\u00ea e como utilizamos os seus [&hellip;]<\/p>\n","protected":false},"author":4,"featured_media":0,"parent":0,"menu_order":10,"comment_status":"closed","ping_status":"closed","template":"template-privacy.php","meta":{"footnotes":""},"class_list":["post-438","page","type-page","status-publish","hentry"],"yoast_head":"<!-- This site is optimized with the Yoast SEO plugin v26.9 - https:\/\/yoast.com\/product\/yoast-seo-wordpress\/ -->\n<title>Politica de Privacidade - Vila Guest Houses -<\/title>\n<meta name=\"description\" content=\"Vila Guest Houses \u2013 1 de maio de 2018 Este aviso de privacidade informa-o sobre as informa\u00e7\u00f5es que recolhemos quando utiliza o nosso site. Ao recolher essa informa\u00e7\u00e3o, estamos atuando como um respons\u00e1vel pelo tratamento de dados e, por lei, somos obrigados a fornecer-lhe informa\u00e7\u00f5es sobre n\u00f3s, sobre o porqu\u00ea e como utilizamos os seus dados, e sobre os direitos que tem sobre seus dados. Quem somos? Somos a empresa Nat\u00e1lia e Silva, Lda\" \/>\n<meta name=\"robots\" content=\"index, follow, max-snippet:-1, max-image-preview:large, max-video-preview:-1\" \/>\n<link rel=\"canonical\" href=\"https:\/\/www.vilaguesthouses.com\/pt-pt\/politica-de-privacidade\/\" \/>\n<meta property=\"og:locale\" content=\"pt_PT\" \/>\n<meta property=\"og:type\" content=\"article\" \/>\n<meta property=\"og:title\" content=\"Politica de Privacidade - Vila Guest Houses -\" \/>\n<meta property=\"og:description\" content=\"Vila Guest Houses \u2013 1 de maio de 2018 Este aviso de privacidade informa-o sobre as informa\u00e7\u00f5es que recolhemos quando utiliza o nosso site. Ao recolher essa informa\u00e7\u00e3o, estamos atuando como um respons\u00e1vel pelo tratamento de dados e, por lei, somos obrigados a fornecer-lhe informa\u00e7\u00f5es sobre n\u00f3s, sobre o porqu\u00ea e como utilizamos os seus dados, e sobre os direitos que tem sobre seus dados. Quem somos? Somos a empresa Nat\u00e1lia e Silva, Lda\" \/>\n<meta property=\"og:url\" content=\"https:\/\/www.vilaguesthouses.com\/pt-pt\/politica-de-privacidade\/\" \/>\n<meta property=\"og:site_name\" content=\"Vila Guest Houses\" \/>\n<meta property=\"article:modified_time\" content=\"2022-10-19T08:42:19+00:00\" \/>\n<meta name=\"twitter:card\" content=\"summary_large_image\" \/>\n<meta name=\"twitter:label1\" content=\"Tempo estimado de leitura\" \/>\n\t<meta name=\"twitter:data1\" content=\"6 minutos\" \/>\n<script type=\"application\/ld+json\" class=\"yoast-schema-graph\">{\"@context\":\"https:\/\/schema.org\",\"@graph\":[{\"@type\":\"WebPage\",\"@id\":\"https:\/\/www.vilaguesthouses.com\/pt-pt\/politica-de-privacidade\/\",\"url\":\"https:\/\/www.vilaguesthouses.com\/pt-pt\/politica-de-privacidade\/\",\"name\":\"Politica de Privacidade - Vila Guest Houses -\",\"isPartOf\":{\"@id\":\"https:\/\/www.vilaguesthouses.com\/pt-pt\/#website\"},\"datePublished\":\"2022-10-19T08:29:47+00:00\",\"dateModified\":\"2022-10-19T08:42:19+00:00\",\"description\":\"Vila Guest Houses \u2013 1 de maio de 2018 Este aviso de privacidade informa-o sobre as informa\u00e7\u00f5es que recolhemos quando utiliza o nosso site. Ao recolher essa informa\u00e7\u00e3o, estamos atuando como um respons\u00e1vel pelo tratamento de dados e, por lei, somos obrigados a fornecer-lhe informa\u00e7\u00f5es sobre n\u00f3s, sobre o porqu\u00ea e como utilizamos os seus dados, e sobre os direitos que tem sobre seus dados. Quem somos? Somos a empresa Nat\u00e1lia e Silva, Lda\",\"breadcrumb\":{\"@id\":\"https:\/\/www.vilaguesthouses.com\/pt-pt\/politica-de-privacidade\/#breadcrumb\"},\"inLanguage\":\"pt-PT\",\"potentialAction\":[{\"@type\":\"ReadAction\",\"target\":[\"https:\/\/www.vilaguesthouses.com\/pt-pt\/politica-de-privacidade\/\"]}]},{\"@type\":\"BreadcrumbList\",\"@id\":\"https:\/\/www.vilaguesthouses.com\/pt-pt\/politica-de-privacidade\/#breadcrumb\",\"itemListElement\":[{\"@type\":\"ListItem\",\"position\":1,\"name\":\"Home\",\"item\":\"https:\/\/www.vilaguesthouses.com\/pt-pt\/\"},{\"@type\":\"ListItem\",\"position\":2,\"name\":\"Politica de Privacidade\"}]},{\"@type\":\"WebSite\",\"@id\":\"https:\/\/www.vilaguesthouses.com\/pt-pt\/#website\",\"url\":\"https:\/\/www.vilaguesthouses.com\/pt-pt\/\",\"name\":\"Vila Guest Houses\",\"description\":\"Just another ms.decms.eu site\",\"potentialAction\":[{\"@type\":\"SearchAction\",\"target\":{\"@type\":\"EntryPoint\",\"urlTemplate\":\"https:\/\/www.vilaguesthouses.com\/pt-pt\/?s={search_term_string}\"},\"query-input\":{\"@type\":\"PropertyValueSpecification\",\"valueRequired\":true,\"valueName\":\"search_term_string\"}}],\"inLanguage\":\"pt-PT\"}]}<\/script>\n<!-- \/ Yoast SEO plugin. -->","yoast_head_json":{"title":"Politica de Privacidade - Vila Guest Houses -","description":"Vila Guest Houses \u2013 1 de maio de 2018 Este aviso de privacidade informa-o sobre as informa\u00e7\u00f5es que recolhemos quando utiliza o nosso site. Ao recolher essa informa\u00e7\u00e3o, estamos atuando como um respons\u00e1vel pelo tratamento de dados e, por lei, somos obrigados a fornecer-lhe informa\u00e7\u00f5es sobre n\u00f3s, sobre o porqu\u00ea e como utilizamos os seus dados, e sobre os direitos que tem sobre seus dados. Quem somos? Somos a empresa Nat\u00e1lia e Silva, Lda","robots":{"index":"index","follow":"follow","max-snippet":"max-snippet:-1","max-image-preview":"max-image-preview:large","max-video-preview":"max-video-preview:-1"},"canonical":"https:\/\/www.vilaguesthouses.com\/pt-pt\/politica-de-privacidade\/","og_locale":"pt_PT","og_type":"article","og_title":"Politica de Privacidade - Vila Guest Houses -","og_description":"Vila Guest Houses \u2013 1 de maio de 2018 Este aviso de privacidade informa-o sobre as informa\u00e7\u00f5es que recolhemos quando utiliza o nosso site. Ao recolher essa informa\u00e7\u00e3o, estamos atuando como um respons\u00e1vel pelo tratamento de dados e, por lei, somos obrigados a fornecer-lhe informa\u00e7\u00f5es sobre n\u00f3s, sobre o porqu\u00ea e como utilizamos os seus dados, e sobre os direitos que tem sobre seus dados. Quem somos? Somos a empresa Nat\u00e1lia e Silva, Lda","og_url":"https:\/\/www.vilaguesthouses.com\/pt-pt\/politica-de-privacidade\/","og_site_name":"Vila Guest Houses","article_modified_time":"2022-10-19T08:42:19+00:00","twitter_card":"summary_large_image","twitter_misc":{"Tempo estimado de leitura":"6 minutos"},"schema":{"@context":"https:\/\/schema.org","@graph":[{"@type":"WebPage","@id":"https:\/\/www.vilaguesthouses.com\/pt-pt\/politica-de-privacidade\/","url":"https:\/\/www.vilaguesthouses.com\/pt-pt\/politica-de-privacidade\/","name":"Politica de Privacidade - Vila Guest Houses -","isPartOf":{"@id":"https:\/\/www.vilaguesthouses.com\/pt-pt\/#website"},"datePublished":"2022-10-19T08:29:47+00:00","dateModified":"2022-10-19T08:42:19+00:00","description":"Vila Guest Houses \u2013 1 de maio de 2018 Este aviso de privacidade informa-o sobre as informa\u00e7\u00f5es que recolhemos quando utiliza o nosso site. Ao recolher essa informa\u00e7\u00e3o, estamos atuando como um respons\u00e1vel pelo tratamento de dados e, por lei, somos obrigados a fornecer-lhe informa\u00e7\u00f5es sobre n\u00f3s, sobre o porqu\u00ea e como utilizamos os seus dados, e sobre os direitos que tem sobre seus dados. Quem somos? Somos a empresa Nat\u00e1lia e Silva, Lda","breadcrumb":{"@id":"https:\/\/www.vilaguesthouses.com\/pt-pt\/politica-de-privacidade\/#breadcrumb"},"inLanguage":"pt-PT","potentialAction":[{"@type":"ReadAction","target":["https:\/\/www.vilaguesthouses.com\/pt-pt\/politica-de-privacidade\/"]}]},{"@type":"BreadcrumbList","@id":"https:\/\/www.vilaguesthouses.com\/pt-pt\/politica-de-privacidade\/#breadcrumb","itemListElement":[{"@type":"ListItem","position":1,"name":"Home","item":"https:\/\/www.vilaguesthouses.com\/pt-pt\/"},{"@type":"ListItem","position":2,"name":"Politica de Privacidade"}]},{"@type":"WebSite","@id":"https:\/\/www.vilaguesthouses.com\/pt-pt\/#website","url":"https:\/\/www.vilaguesthouses.com\/pt-pt\/","name":"Vila Guest Houses","description":"Just another ms.decms.eu site","potentialAction":[{"@type":"SearchAction","target":{"@type":"EntryPoint","urlTemplate":"https:\/\/www.vilaguesthouses.com\/pt-pt\/?s={search_term_string}"},"query-input":{"@type":"PropertyValueSpecification","valueRequired":true,"valueName":"search_term_string"}}],"inLanguage":"pt-PT"}]}},"acf":[],"_links":{"self":[{"href":"https:\/\/www.vilaguesthouses.com\/pt-pt\/wp-json\/wp\/v2\/pages\/438","targetHints":{"allow":["GET"]}}],"collection":[{"href":"https:\/\/www.vilaguesthouses.com\/pt-pt\/wp-json\/wp\/v2\/pages"}],"about":[{"href":"https:\/\/www.vilaguesthouses.com\/pt-pt\/wp-json\/wp\/v2\/types\/page"}],"author":[{"embeddable":true,"href":"https:\/\/www.vilaguesthouses.com\/pt-pt\/wp-json\/wp\/v2\/users\/4"}],"replies":[{"embeddable":true,"href":"https:\/\/www.vilaguesthouses.com\/pt-pt\/wp-json\/wp\/v2\/comments?post=438"}],"version-history":[{"count":0,"href":"https:\/\/www.vilaguesthouses.com\/pt-pt\/wp-json\/wp\/v2\/pages\/438\/revisions"}],"wp:attachment":[{"href":"https:\/\/www.vilaguesthouses.com\/pt-pt\/wp-json\/wp\/v2\/media?parent=438"}],"curies":[{"name":"wp","href":"https:\/\/api.w.org\/{rel}","templated":true}]}}